{"id":4951,"date":"2021-03-14T09:47:35","date_gmt":"2021-03-14T08:47:35","guid":{"rendered":"https:\/\/www.tvshopping.at\/?page_id=4951"},"modified":"2021-03-14T09:57:17","modified_gmt":"2021-03-14T08:57:17","slug":"fitnesstracker","status":"publish","type":"page","link":"https:\/\/www.tvshopping.at\/index.php\/fitnesstracker\/","title":{"rendered":"Fitnesstracker"},"content":{"rendered":"<div class=\"row\"><div class=\"col-xxs-12 col-xs-6 col-md-4 col-lg-3 eq\">\n\t<div class=\"thumbnail thumbnail-4957 product-grid\">\n\t\t<div class=\"caption\">\n            \t\t\t<div class=\"img-grid-wrapper\">\n\t\t\t\t<a title=\"Appnehmen! Fit und schlank mit Smartphone &amp; Fitnesstracker: Schritt f\u00fcr Schritt zum Erfolg!\" href=\"https:\/\/www.tvshopping.at\/index.php\/produkt\/appnehmen-fit-und-schlank-mit-smartphone-fitnesstracker-schritt-fuer-schritt-zum-erfolg\/\" >\n\t\t\t\t\t<img loading=\"lazy\" decoding=\"async\" src=\"https:\/\/m.media-amazon.com\/images\/I\/51nwmKEAYuL._SL500_.jpg\" alt=\"Appnehmen! Fit und schlank mit Smartphone &amp; Fitnesstracker: Schritt f\u00fcr Schritt zum Erfolg!\" width=\"349\" height=\"500\" \/>\t\t\t\t<\/a>\n\t\t\t<\/div>\n\n                            <div class=\"row row-product-meta\">\n                    <div class=\"col-xs-6\">\n                        <span class=\"product-tax\"><a href=\"https:\/\/www.tvshopping.at\/index.php\/marke\/fitness\/\" rel=\"tag\">Fitness<\/a>, <a href=\"https:\/\/www.tvshopping.at\/index.php\/marke\/sport\/\" rel=\"tag\">sport<\/a><\/span>                    <\/div>\n                    <div class=\"col-xs-6\">\n                        <div class=\"product-rating text-right\"><i class=\"far fa-star\"><\/i><i class=\"far fa-star\"><\/i><i class=\"far fa-star\"><\/i><i class=\"far fa-star\"><\/i><i class=\"far fa-star\"><\/i><\/div>\n                    <\/div>\n                <\/div>\n            \n\n\t\t\t<a title=\"Appnehmen! Fit und schlank mit Smartphone &amp; Fitnesstracker: Schritt f\u00fcr Schritt zum Erfolg!\" href=\"https:\/\/www.tvshopping.at\/index.php\/produkt\/appnehmen-fit-und-schlank-mit-smartphone-fitnesstracker-schritt-fuer-schritt-zum-erfolg\/\" class=\"product-title\" >\n\t\t\t\tAppnehmen! Fit und schlank mit Smartphone &amp; Fitnesstracker: Schritt f\u00fcr Schritt zum Erfolg!\t\t\t<\/a>\n\n                <div class=\"product-price\">\n        <p class=\"price\">5,99 &euro;<\/p>\n        <small class=\"price-hint\">inkl. 19% gesetzlicher MwSt.<\/small>    <\/div>\n<hr class=\"hidden-xs\" \/>\t\t\t\t\t\t<div class=\"row product-buttons\">\n\t\t\t\t\t\t\t<div class=\"col-sm-6\">\n\t\t\t\t\t\t\t\t<a href=\"https:\/\/www.tvshopping.at\/index.php\/produkt\/appnehmen-fit-und-schlank-mit-smartphone-fitnesstracker-schritt-fuer-schritt-zum-erfolg\/\" title=\"Appnehmen! Fit und schlank mit Smartphone &amp; Fitnesstracker: Schritt f\u00fcr Schritt zum Erfolg!\" class=\"btn btn-detail btn-block\">Details<\/a>\t\t\t\t\t\t\t<\/div>\n\t\t\t\t\t\t\t<div class=\"col-sm-6\">\n\t\t\t\t\t\t\t\t<a href=\"https:\/\/www.amazon.de\/dp\/B07KS8F9LV?tag=lenzomio-21&linkCode=ogi&th=1&psc=1\" title=\"Appnehmen! Fit und schlank mit Smartphone &amp; Fitnesstracker: Schritt f\u00fcr Schritt zum Erfolg!\" class=\"btn btn-buy btn-block\" rel=\"nofollow\" target=\"_blank\">Kaufen<\/a>\t\t\t\t\t\t\t<\/div>\n\t\t\t\t\t\t<\/div>\n\t\t\t\t\t\t\t\t<\/div>\n\t<\/div>\n<\/div><div class=\"col-xxs-12 col-xs-6 col-md-4 col-lg-3 eq\">\n\t<div class=\"thumbnail thumbnail-4945 product-grid\">\n\t\t<div class=\"caption\">\n            \t\t\t<div class=\"img-grid-wrapper\">\n\t\t\t\t<a title=\"Xiaomi Mi Smart Band 5 Fitness- &amp; Aktivit\u00e4tstracker mit 1,1&#8243; Full AMOLED Touch Farb-Display\" href=\"https:\/\/www.tvshopping.at\/index.php\/produkt\/xiaomi-mi-smart-band-5-fitness-aktivitaetstracker-mit-11-full-amoled-touch-farb-display\/\" >\n\t\t\t\t\t<img loading=\"lazy\" decoding=\"async\" src=\"https:\/\/m.media-amazon.com\/images\/I\/31UnvAXB6zL._SL500_.jpg\" alt=\"Xiaomi Mi Smart Band 5 Fitness- &amp; Aktivit\u00e4tstracker mit 1,1&quot; Full AMOLED Touch Farb-Display\" width=\"461\" height=\"500\" \/>\t\t\t\t<\/a>\n\t\t\t<\/div>\n\n                            <div class=\"row row-product-meta\">\n                    <div class=\"col-xs-6\">\n                        <span class=\"product-tax\"><a href=\"https:\/\/www.tvshopping.at\/index.php\/marke\/fitness\/\" rel=\"tag\">Fitness<\/a>, <a href=\"https:\/\/www.tvshopping.at\/index.php\/marke\/sport\/\" rel=\"tag\">sport<\/a><\/span>                    <\/div>\n                    <div class=\"col-xs-6\">\n                        <div class=\"product-rating text-right\"><i class=\"far fa-star\"><\/i><i class=\"far fa-star\"><\/i><i class=\"far fa-star\"><\/i><i class=\"far fa-star\"><\/i><i class=\"far fa-star\"><\/i><\/div>\n                    <\/div>\n                <\/div>\n            \n\n\t\t\t<a title=\"Xiaomi Mi Smart Band 5 Fitness- &amp; Aktivit\u00e4tstracker mit 1,1&#8243; Full AMOLED Touch Farb-Display\" href=\"https:\/\/www.tvshopping.at\/index.php\/produkt\/xiaomi-mi-smart-band-5-fitness-aktivitaetstracker-mit-11-full-amoled-touch-farb-display\/\" class=\"product-title\" >\n\t\t\t\tXiaomi Mi Smart Band 5 Fitness- &amp; Aktivit\u00e4tstracker mit 1,1&#8243; Full AMOLED Touch Farb-Display\t\t\t<\/a>\n\n                <div class=\"product-price\">\n        <p class=\"price\">39,99 &euro; <i class=\"at at-prime\"><\/i><\/p>\n        <small class=\"price-hint\">inkl. 19% gesetzlicher MwSt.<\/small>    <\/div>\n<hr class=\"hidden-xs\" \/>\t\t\t\t\t\t<div class=\"row product-buttons\">\n\t\t\t\t\t\t\t<div class=\"col-sm-6\">\n\t\t\t\t\t\t\t\t<a href=\"https:\/\/www.tvshopping.at\/index.php\/produkt\/xiaomi-mi-smart-band-5-fitness-aktivitaetstracker-mit-11-full-amoled-touch-farb-display\/\" title=\"Xiaomi Mi Smart Band 5 Fitness- &amp; Aktivit\u00e4tstracker mit 1,1&#8243; Full AMOLED Touch Farb-Display\" class=\"btn btn-detail btn-block\">Details<\/a>\t\t\t\t\t\t\t<\/div>\n\t\t\t\t\t\t\t<div class=\"col-sm-6\">\n\t\t\t\t\t\t\t\t<a href=\"https:\/\/www.amazon.de\/dp\/B089NS9JW2?tag=lenzomio-21&linkCode=ogi&th=1&psc=1\" title=\"Xiaomi Mi Smart Band 5 Fitness- &amp; Aktivit\u00e4tstracker mit 1,1&#8243; Full AMOLED Touch Farb-Display\" class=\"btn btn-buy btn-block\" rel=\"nofollow\" target=\"_blank\">Kaufen<\/a>\t\t\t\t\t\t\t<\/div>\n\t\t\t\t\t\t<\/div>\n\t\t\t\t\t\t\t\t<\/div>\n\t<\/div>\n<\/div><div class=\"col-xxs-12 col-xs-6 col-md-4 col-lg-3 eq\">\n\t<div class=\"thumbnail thumbnail-4949 product-grid\">\n\t\t<div class=\"caption\">\n            \t\t\t<div class=\"img-grid-wrapper\">\n\t\t\t\t<a title=\"SmartWatch Fitness Tracker,Fitness Armband mit herzfrequenz,Smart Watch IP68Wasserdicht Fitness Uhr,Voller Touchscreen mit Musiksteuerfunktion Schlafmonitor f\u00fcr IOS Android Damen Herren Kinder\" href=\"https:\/\/www.tvshopping.at\/index.php\/produkt\/smartwatch-fitness-trackerfitness-armband-mit-herzfrequenzsmart-watch-ip68wasserdicht-fitness-uhrvoller-touchscreen-mit-musiksteuerfunktion-schlafmonitor-fuer-ios-android-damen-herren-kinder\/\" >\n\t\t\t\t\t<img loading=\"lazy\" decoding=\"async\" src=\"https:\/\/m.media-amazon.com\/images\/I\/41vAH66kgML._SL500_.jpg\" alt=\"SmartWatch Fitness Tracker,Fitness Armband mit herzfrequenz,Smart Watch IP68Wasserdicht Fitness Uhr,Voller Touchscreen mit Musiksteuerfunktion Schlafmonitor f\u00fcr IOS Android Damen Herren Kinder\" width=\"500\" height=\"500\" \/>\t\t\t\t<\/a>\n\t\t\t<\/div>\n\n                            <div class=\"row row-product-meta\">\n                    <div class=\"col-xs-6\">\n                        <span class=\"product-tax\"><a href=\"https:\/\/www.tvshopping.at\/index.php\/marke\/fitness\/\" rel=\"tag\">Fitness<\/a>, <a href=\"https:\/\/www.tvshopping.at\/index.php\/marke\/sport\/\" rel=\"tag\">sport<\/a><\/span>                    <\/div>\n                    <div class=\"col-xs-6\">\n                        <div class=\"product-rating text-right\"><i class=\"far fa-star\"><\/i><i class=\"far fa-star\"><\/i><i class=\"far fa-star\"><\/i><i class=\"far fa-star\"><\/i><i class=\"far fa-star\"><\/i><\/div>\n                    <\/div>\n                <\/div>\n            \n\n\t\t\t<a title=\"SmartWatch Fitness Tracker,Fitness Armband mit herzfrequenz,Smart Watch IP68Wasserdicht Fitness Uhr,Voller Touchscreen mit Musiksteuerfunktion Schlafmonitor f\u00fcr IOS Android Damen Herren Kinder\" href=\"https:\/\/www.tvshopping.at\/index.php\/produkt\/smartwatch-fitness-trackerfitness-armband-mit-herzfrequenzsmart-watch-ip68wasserdicht-fitness-uhrvoller-touchscreen-mit-musiksteuerfunktion-schlafmonitor-fuer-ios-android-damen-herren-kinder\/\" class=\"product-title\" >\n\t\t\t\tSmartWatch Fitness Tracker,Fitness Armband mit herzfrequenz,Smart Watch IP68Wasserdicht Fitness Uhr,Voller Touchscreen mit Musiksteuerfunktion Schlafmonitor f\u00fcr IOS Android Damen Herren Kinder\t\t\t<\/a>\n\n                <div class=\"product-price\">\n        <p class=\"price\">47,39 &euro; <i class=\"at at-prime\"><\/i><\/p>\n        <small class=\"price-hint\">inkl. 19% gesetzlicher MwSt.<\/small>    <\/div>\n<hr class=\"hidden-xs\" \/>\t\t\t\t\t\t<div class=\"row product-buttons\">\n\t\t\t\t\t\t\t<div class=\"col-sm-6\">\n\t\t\t\t\t\t\t\t<a href=\"https:\/\/www.tvshopping.at\/index.php\/produkt\/smartwatch-fitness-trackerfitness-armband-mit-herzfrequenzsmart-watch-ip68wasserdicht-fitness-uhrvoller-touchscreen-mit-musiksteuerfunktion-schlafmonitor-fuer-ios-android-damen-herren-kinder\/\" title=\"SmartWatch Fitness Tracker,Fitness Armband mit herzfrequenz,Smart Watch IP68Wasserdicht Fitness Uhr,Voller Touchscreen mit Musiksteuerfunktion Schlafmonitor f\u00fcr IOS Android Damen Herren Kinder\" class=\"btn btn-detail btn-block\">Details<\/a>\t\t\t\t\t\t\t<\/div>\n\t\t\t\t\t\t\t<div class=\"col-sm-6\">\n\t\t\t\t\t\t\t\t<a href=\"https:\/\/www.amazon.de\/dp\/B07Z3T763B?tag=lenzomio-21&linkCode=ogi&th=1&psc=1\" title=\"SmartWatch Fitness Tracker,Fitness Armband mit herzfrequenz,Smart Watch IP68Wasserdicht Fitness Uhr,Voller Touchscreen mit Musiksteuerfunktion Schlafmonitor f\u00fcr IOS Android Damen Herren Kinder\" class=\"btn btn-buy btn-block\" rel=\"nofollow\" target=\"_blank\">Kaufen<\/a>\t\t\t\t\t\t\t<\/div>\n\t\t\t\t\t\t<\/div>\n\t\t\t\t\t\t\t\t<\/div>\n\t<\/div>\n<\/div><div class=\"col-xxs-12 col-xs-6 col-md-4 col-lg-3 eq\">\n\t<div class=\"thumbnail thumbnail-4947 product-grid\">\n\t\t<div class=\"caption\">\n            \t\t\t<div class=\"img-grid-wrapper\">\n\t\t\t\t<a title=\"Samsung Galaxy Watch Active 2, Bluetooth Fitnessarmband F\u00fcr Android, Fitness-Tracker, 40mm, wassergesch\u00fctzt, ausdauernder Akku, Violet (Deutche Version)\" href=\"https:\/\/www.tvshopping.at\/index.php\/produkt\/samsung-galaxy-watch-active-2-bluetooth-fitnessarmband-fuer-android-fitness-tracker-40mm-wassergeschuetzt-ausdauernder-akku-violet-deutche-version\/\" >\n\t\t\t\t\t<img loading=\"lazy\" decoding=\"async\" src=\"https:\/\/m.media-amazon.com\/images\/I\/31Qf3sooJSL._SL500_.jpg\" alt=\"Samsung Galaxy Watch Active 2, Bluetooth Fitnessarmband F\u00fcr Android, Fitness-Tracker, 40mm, wassergesch\u00fctzt, ausdauernder Akku, Violet (Deutche Version)\" width=\"500\" height=\"333\" \/>\t\t\t\t<\/a>\n\t\t\t<\/div>\n\n                            <div class=\"row row-product-meta\">\n                    <div class=\"col-xs-6\">\n                        <span class=\"product-tax\"><a href=\"https:\/\/www.tvshopping.at\/index.php\/marke\/fitness\/\" rel=\"tag\">Fitness<\/a>, <a href=\"https:\/\/www.tvshopping.at\/index.php\/marke\/sport\/\" rel=\"tag\">sport<\/a><\/span>                    <\/div>\n                    <div class=\"col-xs-6\">\n                        <div class=\"product-rating text-right\"><i class=\"far fa-star\"><\/i><i class=\"far fa-star\"><\/i><i class=\"far fa-star\"><\/i><i class=\"far fa-star\"><\/i><i class=\"far fa-star\"><\/i><\/div>\n                    <\/div>\n                <\/div>\n            \n\n\t\t\t<a title=\"Samsung Galaxy Watch Active 2, Bluetooth Fitnessarmband F\u00fcr Android, Fitness-Tracker, 40mm, wassergesch\u00fctzt, ausdauernder Akku, Violet (Deutche Version)\" href=\"https:\/\/www.tvshopping.at\/index.php\/produkt\/samsung-galaxy-watch-active-2-bluetooth-fitnessarmband-fuer-android-fitness-tracker-40mm-wassergeschuetzt-ausdauernder-akku-violet-deutche-version\/\" class=\"product-title\" >\n\t\t\t\tSamsung Galaxy Watch Active 2, Bluetooth Fitnessarmband F\u00fcr Android, Fitness-Tracker, 40mm, wassergesch\u00fctzt, ausdauernder Akku, Violet (Deutche Version)\t\t\t<\/a>\n\n                <div class=\"product-price\">\n        <p class=\"price\">125,38 &euro; <del>259,00 &euro;<\/del><\/p>\n        <small class=\"price-hint\">inkl. 19% gesetzlicher MwSt.<\/small>    <\/div>\n<hr class=\"hidden-xs\" \/>\t\t\t\t\t\t<div class=\"row product-buttons\">\n\t\t\t\t\t\t\t<div class=\"col-sm-6\">\n\t\t\t\t\t\t\t\t<a href=\"https:\/\/www.tvshopping.at\/index.php\/produkt\/samsung-galaxy-watch-active-2-bluetooth-fitnessarmband-fuer-android-fitness-tracker-40mm-wassergeschuetzt-ausdauernder-akku-violet-deutche-version\/\" title=\"Samsung Galaxy Watch Active 2, Bluetooth Fitnessarmband F\u00fcr Android, Fitness-Tracker, 40mm, wassergesch\u00fctzt, ausdauernder Akku, Violet (Deutche Version)\" class=\"btn btn-detail btn-block\">Details<\/a>\t\t\t\t\t\t\t<\/div>\n\t\t\t\t\t\t\t<div class=\"col-sm-6\">\n\t\t\t\t\t\t\t\t<a href=\"https:\/\/www.amazon.de\/dp\/B086YW7B94?tag=lenzomio-21&linkCode=ogi&th=1&psc=1\" title=\"Samsung Galaxy Watch Active 2, Bluetooth Fitnessarmband F\u00fcr Android, Fitness-Tracker, 40mm, wassergesch\u00fctzt, ausdauernder Akku, Violet (Deutche Version)\" class=\"btn btn-buy btn-block\" rel=\"nofollow\" target=\"_blank\">Kaufen<\/a>\t\t\t\t\t\t\t<\/div>\n\t\t\t\t\t\t<\/div>\n\t\t\t\t\t\t\t\t<\/div>\n\t<\/div>\n<\/div><div class=\"col-xxs-12 col-xs-6 col-md-4 col-lg-3 eq\">\n\t<div class=\"thumbnail thumbnail-4944 product-grid\">\n\t\t<div class=\"caption\">\n            \t\t\t<div class=\"img-grid-wrapper\">\n\t\t\t\t<a title=\"Garmin v\u00edvosmart 4 Fitness-Tracker &#8211; stilvolles Design, Herzfrequenzmessung am Handgelenk, Schlafanalyse\" href=\"https:\/\/www.tvshopping.at\/index.php\/produkt\/garmin-vivosmart-4-fitness-tracker-stilvolles-design-herzfrequenzmessung-am-handgelenk-schlafanalyse\/\" >\n\t\t\t\t\t<img loading=\"lazy\" decoding=\"async\" src=\"https:\/\/m.media-amazon.com\/images\/I\/31D72BmmrlL._SL500_.jpg\" alt=\"Garmin v\u00edvosmart 4 Fitness-Tracker - stilvolles Design, Herzfrequenzmessung am Handgelenk, Schlafanalyse\" width=\"500\" height=\"500\" \/>\t\t\t\t<\/a>\n\t\t\t<\/div>\n\n                            <div class=\"row row-product-meta\">\n                    <div class=\"col-xs-6\">\n                        <span class=\"product-tax\"><a href=\"https:\/\/www.tvshopping.at\/index.php\/marke\/fitness\/\" rel=\"tag\">Fitness<\/a>, <a href=\"https:\/\/www.tvshopping.at\/index.php\/marke\/sport\/\" rel=\"tag\">sport<\/a><\/span>                    <\/div>\n                    <div class=\"col-xs-6\">\n                        <div class=\"product-rating text-right\"><i class=\"far fa-star\"><\/i><i class=\"far fa-star\"><\/i><i class=\"far fa-star\"><\/i><i class=\"far fa-star\"><\/i><i class=\"far fa-star\"><\/i><\/div>\n                    <\/div>\n                <\/div>\n            \n\n\t\t\t<a title=\"Garmin v\u00edvosmart 4 Fitness-Tracker &#8211; stilvolles Design, Herzfrequenzmessung am Handgelenk, Schlafanalyse\" href=\"https:\/\/www.tvshopping.at\/index.php\/produkt\/garmin-vivosmart-4-fitness-tracker-stilvolles-design-herzfrequenzmessung-am-handgelenk-schlafanalyse\/\" class=\"product-title\" >\n\t\t\t\tGarmin v\u00edvosmart 4 Fitness-Tracker &#8211; stilvolles Design, Herzfrequenzmessung am Handgelenk, Schlafanalyse\t\t\t<\/a>\n\n                <div class=\"product-price\">\n        <p class=\"price\">229,99 &euro;<\/p>\n        <small class=\"price-hint\">inkl. 19% gesetzlicher MwSt.<\/small>    <\/div>\n<hr class=\"hidden-xs\" \/>\t\t\t\t\t\t<div class=\"row product-buttons\">\n\t\t\t\t\t\t\t<div class=\"col-sm-6\">\n\t\t\t\t\t\t\t\t<a href=\"https:\/\/www.tvshopping.at\/index.php\/produkt\/garmin-vivosmart-4-fitness-tracker-stilvolles-design-herzfrequenzmessung-am-handgelenk-schlafanalyse\/\" title=\"Garmin v\u00edvosmart 4 Fitness-Tracker &#8211; stilvolles Design, Herzfrequenzmessung am Handgelenk, Schlafanalyse\" class=\"btn btn-detail btn-block\">Details<\/a>\t\t\t\t\t\t\t<\/div>\n\t\t\t\t\t\t\t<div class=\"col-sm-6\">\n\t\t\t\t\t\t\t\t<a href=\"https:\/\/www.amazon.de\/dp\/B07G9W2SXX?tag=lenzomio-21&linkCode=ogi&th=1&psc=1\" title=\"Garmin v\u00edvosmart 4 Fitness-Tracker &#8211; stilvolles Design, Herzfrequenzmessung am Handgelenk, Schlafanalyse\" class=\"btn btn-buy btn-block\" rel=\"nofollow\" target=\"_blank\">Kaufen<\/a>\t\t\t\t\t\t\t<\/div>\n\t\t\t\t\t\t<\/div>\n\t\t\t\t\t\t\t\t<\/div>\n\t<\/div>\n<\/div><div class=\"col-xxs-12 col-xs-6 col-md-4 col-lg-3 eq\">\n\t<div class=\"thumbnail thumbnail-4943 product-grid\">\n\t\t<div class=\"caption\">\n            \t\t\t<div class=\"img-grid-wrapper\">\n\t\t\t\t<a title=\"Samsung Galaxy Watch3, runde Bluetooth Smartwatch f\u00fcr Android, drehbare L\u00fcnette, Fitnessuhr, Fitness-Tracker, gro\u00dfes Display, 45 mm, schwarz\" href=\"https:\/\/www.tvshopping.at\/index.php\/produkt\/samsung-galaxy-watch3-runde-bluetooth-smartwatch-fuer-android-drehbare-luenette-fitnessuhr-fitness-tracker-grosses-display-45-mm-schwarz\/\" >\n\t\t\t\t\t<img loading=\"lazy\" decoding=\"async\" src=\"https:\/\/m.media-amazon.com\/images\/I\/31U9TZDVWDL._SL500_.jpg\" alt=\"Samsung Galaxy Watch3, runde Bluetooth Smartwatch f\u00fcr Android, drehbare L\u00fcnette, Fitnessuhr, Fitness-Tracker, gro\u00dfes Display, 45 mm, schwarz\" width=\"500\" height=\"500\" \/>\t\t\t\t<\/a>\n\t\t\t<\/div>\n\n                            <div class=\"row row-product-meta\">\n                    <div class=\"col-xs-6\">\n                        <span class=\"product-tax\"><a href=\"https:\/\/www.tvshopping.at\/index.php\/marke\/fitness\/\" rel=\"tag\">Fitness<\/a>, <a href=\"https:\/\/www.tvshopping.at\/index.php\/marke\/sport\/\" rel=\"tag\">sport<\/a><\/span>                    <\/div>\n                    <div class=\"col-xs-6\">\n                        <div class=\"product-rating text-right\"><i class=\"far fa-star\"><\/i><i class=\"far fa-star\"><\/i><i class=\"far fa-star\"><\/i><i class=\"far fa-star\"><\/i><i class=\"far fa-star\"><\/i><\/div>\n                    <\/div>\n                <\/div>\n            \n\n\t\t\t<a title=\"Samsung Galaxy Watch3, runde Bluetooth Smartwatch f\u00fcr Android, drehbare L\u00fcnette, Fitnessuhr, Fitness-Tracker, gro\u00dfes Display, 45 mm, schwarz\" href=\"https:\/\/www.tvshopping.at\/index.php\/produkt\/samsung-galaxy-watch3-runde-bluetooth-smartwatch-fuer-android-drehbare-luenette-fitnessuhr-fitness-tracker-grosses-display-45-mm-schwarz\/\" class=\"product-title\" >\n\t\t\t\tSamsung Galaxy Watch3, runde Bluetooth Smartwatch f\u00fcr Android, drehbare L\u00fcnette, Fitnessuhr, Fitness-Tracker, gro\u00dfes Display, 45 mm, schwarz\t\t\t<\/a>\n\n                <div class=\"product-price\">\n        <p class=\"price\">359,99 &euro; <i class=\"at at-prime\"><\/i><\/p>\n        <small class=\"price-hint\">inkl. 19% gesetzlicher MwSt.<\/small>    <\/div>\n<hr class=\"hidden-xs\" \/>\t\t\t\t\t\t<div class=\"row product-buttons\">\n\t\t\t\t\t\t\t<div class=\"col-sm-6\">\n\t\t\t\t\t\t\t\t<a href=\"https:\/\/www.tvshopping.at\/index.php\/produkt\/samsung-galaxy-watch3-runde-bluetooth-smartwatch-fuer-android-drehbare-luenette-fitnessuhr-fitness-tracker-grosses-display-45-mm-schwarz\/\" title=\"Samsung Galaxy Watch3, runde Bluetooth Smartwatch f\u00fcr Android, drehbare L\u00fcnette, Fitnessuhr, Fitness-Tracker, gro\u00dfes Display, 45 mm, schwarz\" class=\"btn btn-detail btn-block\">Details<\/a>\t\t\t\t\t\t\t<\/div>\n\t\t\t\t\t\t\t<div class=\"col-sm-6\">\n\t\t\t\t\t\t\t\t<a href=\"https:\/\/www.amazon.de\/dp\/B08CRYYC2N?tag=lenzomio-21&linkCode=ogi&th=1&psc=1\" title=\"Samsung Galaxy Watch3, runde Bluetooth Smartwatch f\u00fcr Android, drehbare L\u00fcnette, Fitnessuhr, Fitness-Tracker, gro\u00dfes Display, 45 mm, schwarz\" class=\"btn btn-buy btn-block\" rel=\"nofollow\" target=\"_blank\">Kaufen<\/a>\t\t\t\t\t\t\t<\/div>\n\t\t\t\t\t\t<\/div>\n\t\t\t\t\t\t\t\t<\/div>\n\t<\/div>\n<\/div><\/div><div class=\"clearfix\"><\/div>\n","protected":false},"excerpt":{"rendered":"","protected":false},"author":1,"featured_media":0,"parent":0,"menu_order":0,"comment_status":"closed","ping_status":"closed","template":"","meta":{"footnotes":""},"class_list":["post-4951","page","type-page","status-publish","hentry"],"yoast_head":"<!-- This site is optimized with the Yoast SEO plugin v27.5 - https:\/\/yoast.com\/product\/yoast-seo-wordpress\/ -->\n<title>Fitnesstracker - TVSHOPPING.AT<\/title>\n<meta name=\"robots\" content=\"index, follow, max-snippet:-1, max-image-preview:large, max-video-preview:-1\" \/>\n<link rel=\"canonical\" href=\"https:\/\/www.tvshopping.at\/index.php\/fitnesstracker\/\" \/>\n<meta property=\"og:locale\" content=\"de_DE\" \/>\n<meta property=\"og:type\" content=\"article\" \/>\n<meta property=\"og:title\" content=\"Fitnesstracker - TVSHOPPING.AT\" \/>\n<meta property=\"og:url\" content=\"https:\/\/www.tvshopping.at\/index.php\/fitnesstracker\/\" \/>\n<meta property=\"og:site_name\" content=\"TVSHOPPING.AT\" \/>\n<meta property=\"article:modified_time\" content=\"2021-03-14T08:57:17+00:00\" \/>\n<meta name=\"twitter:card\" content=\"summary_large_image\" \/>\n<meta name=\"twitter:label1\" content=\"Gesch\u00e4tzte Lesezeit\" \/>\n\t<meta name=\"twitter:data1\" content=\"1\u00a0Minute\" \/>\n<script type=\"application\/ld+json\" class=\"yoast-schema-graph\">{\"@context\":\"https:\\\/\\\/schema.org\",\"@graph\":[{\"@type\":\"WebPage\",\"@id\":\"https:\\\/\\\/www.tvshopping.at\\\/index.php\\\/fitnesstracker\\\/\",\"url\":\"https:\\\/\\\/www.tvshopping.at\\\/index.php\\\/fitnesstracker\\\/\",\"name\":\"Fitnesstracker - TVSHOPPING.AT\",\"isPartOf\":{\"@id\":\"https:\\\/\\\/www.tvshopping.at\\\/#website\"},\"datePublished\":\"2021-03-14T08:47:35+00:00\",\"dateModified\":\"2021-03-14T08:57:17+00:00\",\"breadcrumb\":{\"@id\":\"https:\\\/\\\/www.tvshopping.at\\\/index.php\\\/fitnesstracker\\\/#breadcrumb\"},\"inLanguage\":\"de\",\"potentialAction\":[{\"@type\":\"ReadAction\",\"target\":[\"https:\\\/\\\/www.tvshopping.at\\\/index.php\\\/fitnesstracker\\\/\"]}]},{\"@type\":\"BreadcrumbList\",\"@id\":\"https:\\\/\\\/www.tvshopping.at\\\/index.php\\\/fitnesstracker\\\/#breadcrumb\",\"itemListElement\":[{\"@type\":\"ListItem\",\"position\":1,\"name\":\"Startseite\",\"item\":\"https:\\\/\\\/www.tvshopping.at\\\/\"},{\"@type\":\"ListItem\",\"position\":2,\"name\":\"Fitnesstracker\"}]},{\"@type\":\"WebSite\",\"@id\":\"https:\\\/\\\/www.tvshopping.at\\\/#website\",\"url\":\"https:\\\/\\\/www.tvshopping.at\\\/\",\"name\":\"TVSHOPPING.AT\",\"description\":\"- DIE NEUESETEN PRODUKTE F\u00dcR SIE -\",\"potentialAction\":[{\"@type\":\"SearchAction\",\"target\":{\"@type\":\"EntryPoint\",\"urlTemplate\":\"https:\\\/\\\/www.tvshopping.at\\\/?s={search_term_string}\"},\"query-input\":{\"@type\":\"PropertyValueSpecification\",\"valueRequired\":true,\"valueName\":\"search_term_string\"}}],\"inLanguage\":\"de\"}]}<\/script>\n<!-- \/ Yoast SEO plugin. -->","yoast_head_json":{"title":"Fitnesstracker - TVSHOPPING.AT","robots":{"index":"index","follow":"follow","max-snippet":"max-snippet:-1","max-image-preview":"max-image-preview:large","max-video-preview":"max-video-preview:-1"},"canonical":"https:\/\/www.tvshopping.at\/index.php\/fitnesstracker\/","og_locale":"de_DE","og_type":"article","og_title":"Fitnesstracker - TVSHOPPING.AT","og_url":"https:\/\/www.tvshopping.at\/index.php\/fitnesstracker\/","og_site_name":"TVSHOPPING.AT","article_modified_time":"2021-03-14T08:57:17+00:00","twitter_card":"summary_large_image","twitter_misc":{"Gesch\u00e4tzte Lesezeit":"1\u00a0Minute"},"schema":{"@context":"https:\/\/schema.org","@graph":[{"@type":"WebPage","@id":"https:\/\/www.tvshopping.at\/index.php\/fitnesstracker\/","url":"https:\/\/www.tvshopping.at\/index.php\/fitnesstracker\/","name":"Fitnesstracker - TVSHOPPING.AT","isPartOf":{"@id":"https:\/\/www.tvshopping.at\/#website"},"datePublished":"2021-03-14T08:47:35+00:00","dateModified":"2021-03-14T08:57:17+00:00","breadcrumb":{"@id":"https:\/\/www.tvshopping.at\/index.php\/fitnesstracker\/#breadcrumb"},"inLanguage":"de","potentialAction":[{"@type":"ReadAction","target":["https:\/\/www.tvshopping.at\/index.php\/fitnesstracker\/"]}]},{"@type":"BreadcrumbList","@id":"https:\/\/www.tvshopping.at\/index.php\/fitnesstracker\/#breadcrumb","itemListElement":[{"@type":"ListItem","position":1,"name":"Startseite","item":"https:\/\/www.tvshopping.at\/"},{"@type":"ListItem","position":2,"name":"Fitnesstracker"}]},{"@type":"WebSite","@id":"https:\/\/www.tvshopping.at\/#website","url":"https:\/\/www.tvshopping.at\/","name":"TVSHOPPING.AT","description":"- DIE NEUESETEN PRODUKTE F\u00dcR SIE -","potentialAction":[{"@type":"SearchAction","target":{"@type":"EntryPoint","urlTemplate":"https:\/\/www.tvshopping.at\/?s={search_term_string}"},"query-input":{"@type":"PropertyValueSpecification","valueRequired":true,"valueName":"search_term_string"}}],"inLanguage":"de"}]}},"_links":{"self":[{"href":"https:\/\/www.tvshopping.at\/index.php\/wp-json\/wp\/v2\/pages\/4951","targetHints":{"allow":["GET"]}}],"collection":[{"href":"https:\/\/www.tvshopping.at\/index.php\/wp-json\/wp\/v2\/pages"}],"about":[{"href":"https:\/\/www.tvshopping.at\/index.php\/wp-json\/wp\/v2\/types\/page"}],"author":[{"embeddable":true,"href":"https:\/\/www.tvshopping.at\/index.php\/wp-json\/wp\/v2\/users\/1"}],"replies":[{"embeddable":true,"href":"https:\/\/www.tvshopping.at\/index.php\/wp-json\/wp\/v2\/comments?post=4951"}],"version-history":[{"count":6,"href":"https:\/\/www.tvshopping.at\/index.php\/wp-json\/wp\/v2\/pages\/4951\/revisions"}],"predecessor-version":[{"id":4988,"href":"https:\/\/www.tvshopping.at\/index.php\/wp-json\/wp\/v2\/pages\/4951\/revisions\/4988"}],"wp:attachment":[{"href":"https:\/\/www.tvshopping.at\/index.php\/wp-json\/wp\/v2\/media?parent=4951"}],"curies":[{"name":"wp","href":"https:\/\/api.w.org\/{rel}","templated":true}]}}